{"id":34,"date":"2024-08-18T23:12:05","date_gmt":"2024-08-18T20:12:05","guid":{"rendered":"https:\/\/molecular.fi\/?page_id=34"},"modified":"2025-06-10T20:21:20","modified_gmt":"2025-06-10T17:21:20","slug":"etusivu","status":"publish","type":"page","link":"https:\/\/molecular.fi\/","title":{"rendered":"Etusivu"},"content":{"rendered":"<p><!-- Hero Section --><\/p>\n<div id=\"hero\" class=\"section hero-section\">\n<div class=\"hero-content\">\n<a href=\"#palvelut\" class=\"scroll-link\">Siirry sis\u00e4lt\u00f6\u00f6n<\/a>\n    <\/div>\n<\/div>\n<p><!-- Palvelut --><\/p>\n<div id=\"palvelut\" class=\"section services-section\">\n<h2>Palvelumme<\/h2>\n<p><\/p>\n<div class=\"left-aligned\">\n<ul>\n<li>Lausunnot perinteisist\u00e4 isotooppikuvantamistutkimuksista<\/li>\n<li>Lausunnot fuusiokuvantamistutkimuksista: PET\/TT- ja SPET\/TT<\/li>\n<li>Kliinisen fysiologian lausunnot, mm. EKG-, RR- ja Holter-tutkimuksiin<\/li>\n<li>S\u00e4dehoidon suunnittelu<\/li>\n<li>Kysy lis\u00e4\u00e4 palveluistamme!<\/li>\n<\/ul>\n<\/div>\n<div class=\"services\">\n<div id=\"metaslider-id-362\" style=\"width: 100%;\" class=\"ml-slider-3-98-0 metaslider metaslider-flex metaslider-362 ml-slider ms-theme-default-base has-dots-nav\" role=\"region\" aria-roledescription=\"Slideshow\" aria-label=\"Front Page Slider\" data-width=\"700\">\n    <div id=\"metaslider_container_362\">\n        <div id=\"metaslider_362\">\n            <ul class='slides'>\n                <li style=\"display: block; width: 100%;\" class=\"slide-363 ms-image \" aria-roledescription=\"slide\" aria-label=\"slide-363\" data-date=\"2024-12-25 22:15:03\"><img loading=\"lazy\" decoding=\"async\" width=\"513\" height=\"513\" src=\"https:\/\/molecular.fi\/wp-content\/uploads\/2024\/12\/sydan.jpg\" class=\"slider-362 slide-363\" alt=\"\" rel=\"\" title=\"syd\u00e4n\" style=\"margin: 0 auto; width: 42.857142857143%\" srcset=\"https:\/\/molecular.fi\/wp-content\/uploads\/2024\/12\/sydan.jpg 513w, https:\/\/molecular.fi\/wp-content\/uploads\/2024\/12\/sydan-300x300.jpg 300w, https:\/\/molecular.fi\/wp-content\/uploads\/2024\/12\/sydan-150x150.jpg 150w\" sizes=\"auto, (max-width: 513px) 100vw, 513px\" \/><\/li>\n                <li style=\"display: none; width: 100%;\" class=\"slide-364 ms-image \" aria-roledescription=\"slide\" aria-label=\"slide-364\" data-date=\"2024-12-25 22:15:50\"><img loading=\"lazy\" decoding=\"async\" width=\"1038\" height=\"836\" src=\"https:\/\/molecular.fi\/wp-content\/uploads\/2024\/12\/PET-insulinooma.jpg\" class=\"slider-362 slide-364\" alt=\"\" rel=\"\" title=\"PET insulinooma\" style=\"margin: 0 auto; width: 53.212576896787%\" srcset=\"https:\/\/molecular.fi\/wp-content\/uploads\/2024\/12\/PET-insulinooma.jpg 1038w, https:\/\/molecular.fi\/wp-content\/uploads\/2024\/12\/PET-insulinooma-300x242.jpg 300w, https:\/\/molecular.fi\/wp-content\/uploads\/2024\/12\/PET-insulinooma-1024x825.jpg 1024w, https:\/\/molecular.fi\/wp-content\/uploads\/2024\/12\/PET-insulinooma-768x619.jpg 768w\" sizes=\"auto, (max-width: 1038px) 100vw, 1038px\" \/><\/li>\n                <li style=\"display: none; width: 100%;\" class=\"slide-365 ms-image \" aria-roledescription=\"slide\" aria-label=\"slide-365\" data-date=\"2024-12-25 22:16:10\"><img loading=\"lazy\" decoding=\"async\" width=\"500\" height=\"604\" src=\"https:\/\/molecular.fi\/wp-content\/uploads\/2024\/12\/PET-MRI.jpg\" class=\"slider-362 slide-365\" alt=\"\" rel=\"\" title=\"PET MRI\" style=\"margin: 0 auto; width: 35.477767265847%\" srcset=\"https:\/\/molecular.fi\/wp-content\/uploads\/2024\/12\/PET-MRI.jpg 500w, https:\/\/molecular.fi\/wp-content\/uploads\/2024\/12\/PET-MRI-248x300.jpg 248w\" sizes=\"auto, (max-width: 500px) 100vw, 500px\" \/><\/li>\n                <li style=\"display: none; width: 100%;\" class=\"slide-366 ms-image \" aria-roledescription=\"slide\" aria-label=\"slide-366\" data-date=\"2024-12-25 22:16:22\"><img loading=\"lazy\" decoding=\"async\" width=\"524\" height=\"418\" src=\"https:\/\/molecular.fi\/wp-content\/uploads\/2024\/12\/sydan3.jpg\" class=\"slider-362 slide-366\" alt=\"\" rel=\"\" title=\"syd\u00e4n3\" style=\"margin: 0 auto; width: 53.725222146275%\" srcset=\"https:\/\/molecular.fi\/wp-content\/uploads\/2024\/12\/sydan3.jpg 524w, https:\/\/molecular.fi\/wp-content\/uploads\/2024\/12\/sydan3-300x239.jpg 300w\" sizes=\"auto, (max-width: 524px) 100vw, 524px\" \/><\/li>\n                <li style=\"display: none; width: 100%;\" class=\"slide-367 ms-image \" aria-roledescription=\"slide\" aria-label=\"slide-367\" data-date=\"2024-12-25 22:16:30\"><img loading=\"lazy\" decoding=\"async\" width=\"468\" height=\"980\" src=\"https:\/\/molecular.fi\/wp-content\/uploads\/2024\/12\/PET-vartalo.jpg\" class=\"slider-362 slide-367\" alt=\"\" rel=\"\" title=\"PET vartalo\" style=\"margin: 0 auto; width: 20.466472303207%\" srcset=\"https:\/\/molecular.fi\/wp-content\/uploads\/2024\/12\/PET-vartalo.jpg 468w, https:\/\/molecular.fi\/wp-content\/uploads\/2024\/12\/PET-vartalo-143x300.jpg 143w\" sizes=\"auto, (max-width: 468px) 100vw, 468px\" \/><\/li>\n            <\/ul>\n        <\/div>\n        \n    <\/div>\n<\/div>\n<\/div>\n<\/div>\n<p><!-- Tutkimusosaaminen --><br \/>\n<!--\n\n\n<div id=\"tutkimusosaaminen\" class=\"section study-section\">\n\n\n<h2>Tutkimusosaaminen<\/h2>\n\n\n\n\n<p>Tutkimusosaaminen<\/p>\n\n\n<br \/>\n<\/div>\n\n\n--><\/p>\n<p><!-- About Section --><\/p>\n<div id=\"meista\" class=\"section about-section\">\n<h2>Meist\u00e4<\/h2>\n<div class=\"left-aligned\">\n<p>Vuonna 2012 perustettu, suomalaisten terveydenhuollon ammattilaisten omistama iRAD Molecular Imaging Oy tuottaa asiakkailleen oikeutus- ja lausuntopalvelua.<\/p>\n<p>Asiantuntijamme ovat oman erikoisalansa ammattilaisia ja heill\u00e4 on pitk\u00e4 kokemus et\u00e4lausuntopalveluiden tuottamisesta. Fuusiokuvantamisen asiantuntijoina toimivat molekyyli- ja fuusiokuvantamisen lis\u00e4koulutuksen suorittaneet radiologian ja isotooppil\u00e4\u00e4ketieteen erikoisl\u00e4\u00e4k\u00e4rit. S\u00e4dehoidon suunnittelusta vastaavat onkologian erikoisl\u00e4\u00e4k\u00e4rit.<\/p>\n<\/div>\n<h2>Lausuvat henkil\u00f6t (erikoisl\u00e4\u00e4k\u00e4rit):<\/h2>\n<div class=\"persons\">\n<div class=\"person\">\n<p><img decoding=\"async\" src=\"https:\/\/molecular.fi\/wp-content\/uploads\/2025\/04\/Teemu_Maaniitty.jpg\" width=\"150px\"><\/img><br \/>\n<b>Teemu Maaniitty<\/b><br \/>\nDosentti, Kliinisen fysiologian ja isotooppil\u00e4\u00e4ketieteen erikoisl\u00e4\u00e4k\u00e4ri\n<\/p>\n<\/div>\n<div class=\"person\">\n<p><img decoding=\"async\" src=\"https:\/\/molecular.fi\/wp-content\/uploads\/2025\/04\/Sorjo_Matzke.jpg\" width=\"150px\"><\/img><br \/>\n<b>Sorjo M\u00e4tzke<\/b><br \/>\nLT, Kliinisen fysiologian ja isotooppil\u00e4\u00e4ketieteen erikoisl\u00e4\u00e4k\u00e4ri\n<\/p>\n<\/div>\n<div class=\"person\">\n<p><img decoding=\"async\" src=\"https:\/\/molecular.fi\/wp-content\/uploads\/2025\/04\/Simona_Malaspina.jpg\" width=\"150px\"><\/img><br \/>\n<b>Simona Malaspina<\/b><br \/>\nKliinisen fysiologian ja isotooppil\u00e4\u00e4ketieteen erikoisl\u00e4\u00e4k\u00e4ri\n<\/p>\n<\/div>\n<div class=\"person\">\n<p><img decoding=\"async\" src=\"https:\/\/molecular.fi\/?attachment_id=373\" width=\"150px\"><\/img><br \/>\n<b>Tapani H\u00e4r\u00f6<\/b><br \/>\nRadiologi, fuusiokuvantamisen lis\u00e4p\u00e4tevyys\n<\/p>\n<\/div>\n<div class=\"person\">\n<p><img decoding=\"async\" src=\"https:\/\/molecular.fi\/?attachment_id=373\" width=\"150px\"><\/img><br \/>\n<b>Tommi Kokki<\/b><br \/>\nKliinisen fysiologian ja isotooppil\u00e4\u00e4ketieteen erikoisl\u00e4\u00e4k\u00e4ri\n<\/p>\n<\/div>\n<div class=\"person\">\n<p><img decoding=\"async\" src=\"https:\/\/molecular.fi\/?attachment_id=373\" width=\"150px\"><\/img><br \/>\n<b>Outi Piril\u00e4<\/b><br \/>\nKliinisen fysiologian ja isotooppil\u00e4\u00e4ketieteen erikoisl\u00e4\u00e4k\u00e4ri\n<\/p>\n<\/div>\n<div class=\"person\">\n<p><img decoding=\"async\" src=\"https:\/\/molecular.fi\/?attachment_id=373\" width=\"150px\"><\/img><br \/>\n<b>Ville Kallio<\/b><br \/>\nKliinisen fysiologian ja isotooppil\u00e4\u00e4ketieteen erikoisl\u00e4\u00e4k\u00e4ri\n<\/p>\n<\/div>\n<div class=\"person\">\n<p><img decoding=\"async\" src=\"https:\/\/molecular.fi\/?attachment_id=373\" width=\"150px\"><\/img><br \/>\n<b>Valtteri Uusitalo<\/b><br \/>\nKliinisen fysiologian ja isotooppil\u00e4\u00e4ketieteen erikoisl\u00e4\u00e4k\u00e4ri\n<\/p>\n<\/div>\n<div class=\"person\">\n<p><img decoding=\"async\" src=\"https:\/\/molecular.fi\/?attachment_id=373\" width=\"150px\"><\/img><br \/>\n<b>Arja Uusitalo<\/b><br \/>\nKliinisen fysiologian ja isotooppil\u00e4\u00e4ketieteen erikoisl\u00e4\u00e4k\u00e4ri\n<\/p>\n<\/div>\n<div class=\"person\">\n<p><img decoding=\"async\" src=\"https:\/\/molecular.fi\/?attachment_id=373\" width=\"150px\"><\/img><br \/>\n<b>Heli R\u00e4ty<\/b><br \/>\nKliinisen fysiologian ja isotooppil\u00e4\u00e4ketieteen erikoisl\u00e4\u00e4k\u00e4ri\n<\/p>\n<\/div>\n<div class=\"person\">\n<p><img decoding=\"async\" src=\"https:\/\/molecular.fi\/?attachment_id=373\" width=\"150px\"><\/img><br \/>\n<b>Antti Loimaala<\/b><br \/>\nDosentti, Kliinisen fysiologian ja isotooppil\u00e4\u00e4ketieteen erikoisl\u00e4\u00e4k\u00e4ri\n<\/p>\n<\/div>\n<div class=\"person\">\n<p><img decoding=\"async\" src=\"https:\/\/molecular.fi\/?attachment_id=373\" width=\"150px\"><\/img><br \/>\n<b>Jukka Kemppainen<\/b><br \/>\nProfessori, Kliinisen fysiologian ja isotooppil\u00e4\u00e4ketieteen erikoisl\u00e4\u00e4k\u00e4ri\n<\/p>\n<\/div>\n<div class=\"person\">\n<p><img decoding=\"async\" src=\"https:\/\/molecular.fi\/?attachment_id=373\" width=\"150px\"><\/img><br \/>\n<b>Jussi P\u00e4rkk\u00e4<\/b><br \/>\nKliinisen fysiologian ja isotooppil\u00e4\u00e4ketieteen erikoisl\u00e4\u00e4k\u00e4ri\n<\/p>\n<\/div>\n<div class=\"person\">\n<p><img decoding=\"async\" src=\"https:\/\/molecular.fi\/?attachment_id=373\" width=\"150px\"><\/img><br \/>\n<b>Marko Sepp\u00e4nen<\/b><br \/>\nDosentti, Kliinisen fysiologian ja isotooppil\u00e4\u00e4ketieteen erikoisl\u00e4\u00e4k\u00e4ri\n<\/p>\n<\/div>\n<div class=\"person\">\n<p><img decoding=\"async\" src=\"https:\/\/molecular.fi\/?attachment_id=373\" width=\"150px\"><\/img><br \/>\n<b>Sami Kajander<\/b><br \/>\nDosentti, radiologian erikoisl\u00e4\u00e4k\u00e4ri\n<\/p>\n<\/div>\n<\/div>\n<\/div>\n<p><!-- Contact Section --><\/p>\n<div id=\"yhteystiedot\" class=\"section contact-section\">\n<h2>Yhteystiedot<\/h2>\n<p><\/p>\n<div class=\"persons\">\n<div class=\"person\">\n<p><img decoding=\"async\" src=\"https:\/\/molecular.fi\/?attachment_id=373\" width=\"150px\"><\/img><br \/>\n<b>Jussi P\u00e4rkk\u00e4<\/b><br \/>\nKliinisen fysiologian ja isotooppil\u00e4\u00e4ketieteen erikoisl\u00e4\u00e4k\u00e4ri<br \/>\n<a href=\"mailto:jussi.parkka@molecular.fi\">jussi.parkka@molecular.fi<\/a>\n<\/p>\n<\/div>\n<div class=\"person\">\n<p><img decoding=\"async\" src=\"https:\/\/molecular.fi\/wp-content\/uploads\/2024\/12\/Jukka-Kemppainen-scaled.jpg\" width=\"150px\"><\/img><br \/>\n<b>Jukka Kemppainen<\/b><br \/>\nProfessori, Kliinisen fysiologian ja isotooppil\u00e4\u00e4ketieteen ylil\u00e4\u00e4k\u00e4ri<br \/>\n<a href=\"mailto:jukka.kemppainen@molecular.fi\">jukka.kemppainen@molecular.fi<\/a>\n<\/p>\n<\/div>\n<div class=\"person\">\n<p><img decoding=\"async\" src=\"https:\/\/molecular.fi\/wp-content\/uploads\/2025\/04\/Linda_Paajarvi.jpg\" width=\"150px\"><\/img><br \/>\n<b>Linda P\u00e4\u00e4j\u00e4rvi<\/b><br \/>\nToimitusjohtaja<br \/>\n<a href=\"mailto:linda.paajarvi@molecular.fi\">linda.paajarvi@molecular.fi<\/a><br \/>\n<a href=\"tel:+358400297859\">+358 400 297 859<\/a>\n<\/p>\n<\/div>\n<\/div>\n<\/div>\n","protected":false},"excerpt":{"rendered":"<p>Siirry sis\u00e4lt\u00f6\u00f6n Palvelumme Lausunnot perinteisist\u00e4 isotooppikuvantamistutkimuksista Lausunnot fuusiokuvantamistutkimuksista: PET\/TT- ja SPET\/TT Kliinisen fysiologian lausunnot, mm. EKG-, RR- ja Holter-tutkimuksiin S\u00e4dehoidon suunnittelu Kysy lis\u00e4\u00e4 palveluistamme! Meist\u00e4 Vuonna 2012 perustettu, suomalaisten terveydenhuollon ammattilaisten omistama iRAD Molecular Imaging Oy tuottaa asiakkailleen oikeutus- ja lausuntopalvelua. Asiantuntijamme ovat oman erikoisalansa ammattilaisia ja heill\u00e4 on pitk\u00e4 kokemus et\u00e4lausuntopalveluiden tuottamisesta. Fuusiokuvantamisen asiantuntijoina [&hellip;]<\/p>\n","protected":false},"author":1,"featured_media":0,"parent":0,"menu_order":0,"comment_status":"closed","ping_status":"closed","template":"","meta":{"footnotes":""},"class_list":["post-34","page","type-page","status-publish","hentry"],"_links":{"self":[{"href":"https:\/\/molecular.fi\/index.php?rest_route=\/wp\/v2\/pages\/34","targetHints":{"allow":["GET"]}}],"collection":[{"href":"https:\/\/molecular.fi\/index.php?rest_route=\/wp\/v2\/pages"}],"about":[{"href":"https:\/\/molecular.fi\/index.php?rest_route=\/wp\/v2\/types\/page"}],"author":[{"embeddable":true,"href":"https:\/\/molecular.fi\/index.php?rest_route=\/wp\/v2\/users\/1"}],"replies":[{"embeddable":true,"href":"https:\/\/molecular.fi\/index.php?rest_route=%2Fwp%2Fv2%2Fcomments&post=34"}],"version-history":[{"count":59,"href":"https:\/\/molecular.fi\/index.php?rest_route=\/wp\/v2\/pages\/34\/revisions"}],"predecessor-version":[{"id":413,"href":"https:\/\/molecular.fi\/index.php?rest_route=\/wp\/v2\/pages\/34\/revisions\/413"}],"wp:attachment":[{"href":"https:\/\/molecular.fi\/index.php?rest_route=%2Fwp%2Fv2%2Fmedia&parent=34"}],"curies":[{"name":"wp","href":"https:\/\/api.w.org\/{rel}","templated":true}]}}