{"id":270,"date":"2024-11-16T23:01:17","date_gmt":"2024-11-16T20:01:17","guid":{"rendered":"https:\/\/molecular.fi\/?page_id=270"},"modified":"2025-06-10T20:21:43","modified_gmt":"2025-06-10T17:21:43","slug":"etusivu-english","status":"publish","type":"page","link":"https:\/\/molecular.fi\/?page_id=270&lang=en","title":{"rendered":"Etusivu &#8211; English"},"content":{"rendered":"<p><!-- Hero Section --><\/p>\n<div id=\"hero\" class=\"section hero-section\">\n<div class=\"hero-content\">\n<a href=\"#palvelut\" class=\"scroll-link\">Scroll to content<\/a>\n    <\/div>\n<\/div>\n<p><!-- Palvelut --><\/p>\n<div id=\"palvelut\" class=\"section services-section\">\n<h2>Our services<\/h2>\n<p><\/p>\n<div class=\"left-aligned\">\n<ul>\n<li>Statements on traditional isotope imaging studies<\/li>\n<li>Statements on fusion imaging studies: PET\/CT and SPET\/CT<\/li>\n<li>Clinical physiology statements, e.g. For ECG, RR and Holter examinations<\/li>\n<li>Radiotherapy planning<\/li>\n<li>Ask more about our services!<\/li>\n<\/ul>\n<\/div>\n<div class=\"services\">\n<div id=\"metaslider-id-362\" style=\"width: 100%;\" class=\"ml-slider-3-98-0 metaslider metaslider-flex metaslider-362 ml-slider ms-theme-default-base has-dots-nav\" role=\"region\" aria-roledescription=\"Slideshow\" aria-label=\"Front Page Slider\" data-width=\"700\">\n    <div id=\"metaslider_container_362\">\n        <div id=\"metaslider_362\">\n            <ul class='slides'>\n                <li style=\"display: block; width: 100%;\" class=\"slide-363 ms-image \" aria-roledescription=\"slide\" aria-label=\"slide-363\" data-date=\"2024-12-25 22:15:03\"><img loading=\"lazy\" decoding=\"async\" width=\"513\" height=\"513\" src=\"https:\/\/molecular.fi\/wp-content\/uploads\/2024\/12\/sydan.jpg\" class=\"slider-362 slide-363\" alt=\"\" rel=\"\" title=\"syd\u00e4n\" style=\"margin: 0 auto; width: 42.857142857143%\" srcset=\"https:\/\/molecular.fi\/wp-content\/uploads\/2024\/12\/sydan.jpg 513w, https:\/\/molecular.fi\/wp-content\/uploads\/2024\/12\/sydan-300x300.jpg 300w, https:\/\/molecular.fi\/wp-content\/uploads\/2024\/12\/sydan-150x150.jpg 150w\" sizes=\"auto, (max-width: 513px) 100vw, 513px\" \/><\/li>\n                <li style=\"display: none; width: 100%;\" class=\"slide-364 ms-image \" aria-roledescription=\"slide\" aria-label=\"slide-364\" data-date=\"2024-12-25 22:15:50\"><img loading=\"lazy\" decoding=\"async\" width=\"1038\" height=\"836\" src=\"https:\/\/molecular.fi\/wp-content\/uploads\/2024\/12\/PET-insulinooma.jpg\" class=\"slider-362 slide-364\" alt=\"\" rel=\"\" title=\"PET insulinooma\" style=\"margin: 0 auto; width: 53.212576896787%\" srcset=\"https:\/\/molecular.fi\/wp-content\/uploads\/2024\/12\/PET-insulinooma.jpg 1038w, https:\/\/molecular.fi\/wp-content\/uploads\/2024\/12\/PET-insulinooma-300x242.jpg 300w, https:\/\/molecular.fi\/wp-content\/uploads\/2024\/12\/PET-insulinooma-1024x825.jpg 1024w, https:\/\/molecular.fi\/wp-content\/uploads\/2024\/12\/PET-insulinooma-768x619.jpg 768w\" sizes=\"auto, (max-width: 1038px) 100vw, 1038px\" \/><\/li>\n                <li style=\"display: none; width: 100%;\" class=\"slide-365 ms-image \" aria-roledescription=\"slide\" aria-label=\"slide-365\" data-date=\"2024-12-25 22:16:10\"><img loading=\"lazy\" decoding=\"async\" width=\"500\" height=\"604\" src=\"https:\/\/molecular.fi\/wp-content\/uploads\/2024\/12\/PET-MRI.jpg\" class=\"slider-362 slide-365\" alt=\"\" rel=\"\" title=\"PET MRI\" style=\"margin: 0 auto; width: 35.477767265847%\" srcset=\"https:\/\/molecular.fi\/wp-content\/uploads\/2024\/12\/PET-MRI.jpg 500w, https:\/\/molecular.fi\/wp-content\/uploads\/2024\/12\/PET-MRI-248x300.jpg 248w\" sizes=\"auto, (max-width: 500px) 100vw, 500px\" \/><\/li>\n                <li style=\"display: none; width: 100%;\" class=\"slide-366 ms-image \" aria-roledescription=\"slide\" aria-label=\"slide-366\" data-date=\"2024-12-25 22:16:22\"><img loading=\"lazy\" decoding=\"async\" width=\"524\" height=\"418\" src=\"https:\/\/molecular.fi\/wp-content\/uploads\/2024\/12\/sydan3.jpg\" class=\"slider-362 slide-366\" alt=\"\" rel=\"\" title=\"syd\u00e4n3\" style=\"margin: 0 auto; width: 53.725222146275%\" srcset=\"https:\/\/molecular.fi\/wp-content\/uploads\/2024\/12\/sydan3.jpg 524w, https:\/\/molecular.fi\/wp-content\/uploads\/2024\/12\/sydan3-300x239.jpg 300w\" sizes=\"auto, (max-width: 524px) 100vw, 524px\" \/><\/li>\n                <li style=\"display: none; width: 100%;\" class=\"slide-367 ms-image \" aria-roledescription=\"slide\" aria-label=\"slide-367\" data-date=\"2024-12-25 22:16:30\"><img loading=\"lazy\" decoding=\"async\" width=\"468\" height=\"980\" src=\"https:\/\/molecular.fi\/wp-content\/uploads\/2024\/12\/PET-vartalo.jpg\" class=\"slider-362 slide-367\" alt=\"\" rel=\"\" title=\"PET vartalo\" style=\"margin: 0 auto; width: 20.466472303207%\" srcset=\"https:\/\/molecular.fi\/wp-content\/uploads\/2024\/12\/PET-vartalo.jpg 468w, https:\/\/molecular.fi\/wp-content\/uploads\/2024\/12\/PET-vartalo-143x300.jpg 143w\" sizes=\"auto, (max-width: 468px) 100vw, 468px\" \/><\/li>\n            <\/ul>\n        <\/div>\n        \n    <\/div>\n<\/div>\n<\/div>\n<\/div>\n<p><!-- Tutkimusosaaminen --><br \/>\n<!--\n\n\n<div id=\"tutkimusosaaminen\" class=\"section study-section\">\n\n\n<h2>Tutkimusosaaminen<\/h2>\n\n\n\n\n<p>Tutkimusosaaminen<\/p>\n\n\n<br \/>\n<\/div>\n\n\n--><\/p>\n<p><!-- About Section --><\/p>\n<div id=\"meista\" class=\"section about-section\">\n<h2>About us<\/h2>\n<div class=\"left-aligned\">\n<p>Founded in 2012, iRAD Molecular Imaging Oy, owned by Finnish healthcare professionals, produces legalization and opinion services for its customers.<\/p>\n<p>Our experts are professionals in their own specialty and have long experience in providing remote opinion services. Specialists in radiology and isotope medicine who have completed additional training in molecular and fusion imaging act as experts in fusion imaging. Oncology specialists are responsible for radiation treatment planning.<\/p>\n<\/div>\n<h2>Pronouncing persons (specialists):<\/h2>\n<div class=\"persons\">\n<div class=\"person\">\n<p><img decoding=\"async\" src=\"https:\/\/molecular.fi\/wp-content\/uploads\/2025\/04\/Teemu_Maaniitty.jpg\" width=\"150px\"><\/img><br \/>\n<b>Teemu Maaniitty<\/b><br \/>\nDocent, Specialist in clinical physiology and isotope medicine\n<\/p>\n<\/div>\n<div class=\"person\">\n<p><img decoding=\"async\" src=\"https:\/\/molecular.fi\/wp-content\/uploads\/2025\/04\/Simona_Malaspina.jpg\" width=\"150px\"><\/img><br \/>\n<b>Simona Malaspina<\/b><br \/>\nSpecialist in clinical physiology and isotope medicine\n<\/p>\n<\/div>\n<div class=\"person\">\n<p><img decoding=\"async\" src=\"https:\/\/molecular.fi\/wp-content\/uploads\/2025\/04\/Sorjo_Matzke.jpg\" width=\"150px\"><\/img><br \/>\n<b>Sorjo M\u00e4tzke<\/b><br \/>\nM.D., Specialist in clinical physiology and isotope medicine\n<\/p>\n<\/div>\n<div class=\"person\">\n<p><img decoding=\"async\" src=\"https:\/\/molecular.fi\/?attachment_id=373\" width=\"150px\"><\/img><br \/>\n<b>Tapani H\u00e4r\u00f6<\/b><br \/>\nRadiologist, additional qualification in fusion imaging\n<\/p>\n<\/div>\n<div class=\"person\">\n<p><img decoding=\"async\" src=\"https:\/\/molecular.fi\/?attachment_id=373\" width=\"150px\"><\/img><br \/>\n<b>Tommi Kokki<\/b><br \/>\nSpecialist in clinical physiology and isotope medicine\n<\/p>\n<\/div>\n<div class=\"person\">\n<p><img decoding=\"async\" src=\"https:\/\/molecular.fi\/?attachment_id=373\" width=\"150px\"><\/img><br \/>\n<b>Outi Piril\u00e4<\/b><br \/>\nSpecialist in clinical physiology and isotope medicine\n<\/p>\n<\/div>\n<div class=\"person\">\n<p><img decoding=\"async\" src=\"https:\/\/molecular.fi\/?attachment_id=373\" width=\"150px\"><\/img><br \/>\n<b>Ville Kallio<\/b><br \/>\nSpecialist in clinical physiology and isotope medicine\n<\/p>\n<\/div>\n<div class=\"person\">\n<p><img decoding=\"async\" src=\"https:\/\/molecular.fi\/?attachment_id=373\" width=\"150px\"><\/img><br \/>\n<b>Valtteri Uusitalo<\/b><br \/>\nSpecialist in clinical physiology and isotope medicine\n<\/p>\n<\/div>\n<div class=\"person\">\n<p><img decoding=\"async\" src=\"https:\/\/molecular.fi\/?attachment_id=373\" width=\"150px\"><\/img><br \/>\n<b>Arja Uusitalo<\/b><br \/>\nSpecialist in clinical physiology and isotope medicine\n<\/p>\n<\/div>\n<div class=\"person\">\n<p><img decoding=\"async\" src=\"https:\/\/molecular.fi\/?attachment_id=373\" width=\"150px\"><\/img><br \/>\n<b>Heli R\u00e4ty<\/b><br \/>\nSpecialist in clinical physiology and isotope medicine\n<\/p>\n<\/div>\n<div class=\"person\">\n<p><img decoding=\"async\" src=\"https:\/\/molecular.fi\/?attachment_id=373\" width=\"150px\"><\/img><br \/>\n<b>Antti Loimaala<\/b><br \/>\nDocent, Specialist in clinical physiology and isotope medicine\n<\/p>\n<\/div>\n<div class=\"person\">\n<p><img decoding=\"async\" src=\"https:\/\/molecular.fi\/?attachment_id=373\" width=\"150px\"><\/img><br \/>\n<b>Jukka Kemppainen<\/b><br \/>\nProfessor, Chief Physician of Clinical Physiology and Isotope Medicine\n<\/p>\n<\/div>\n<div class=\"person\">\n<p><img decoding=\"async\" src=\"https:\/\/molecular.fi\/?attachment_id=373\" width=\"150px\"><\/img><br \/>\n<b>Jussi P\u00e4rkk\u00e4<\/b><br \/>\nSpecialist in clinical physiology and isotope medicine\n<\/p>\n<\/div>\n<div class=\"person\">\n<p><img decoding=\"async\" src=\"https:\/\/molecular.fi\/?attachment_id=373\" width=\"150px\"><\/img><br \/>\n<b>Marko Sepp\u00e4nen<\/b><br \/>\nDocent, Specialist in clinical Physiology and isotope medicine\n<\/p>\n<\/div>\n<div class=\"person\">\n<p><img decoding=\"async\" src=\"https:\/\/molecular.fi\/?attachment_id=373\" width=\"150px\"><\/img><br \/>\n<b>Sami Kajander<\/b><br \/>\nDocent, Specialist in radiology\n<\/p>\n<\/div>\n<\/div>\n<\/div>\n<p><!-- Contact Section --><\/p>\n<div id=\"yhteystiedot\" class=\"section contact-section\">\n<h2>Contact information<\/h2>\n<p><\/p>\n<div class=\"persons\">\n<div class=\"person\">\n<p><img decoding=\"async\" src=\"https:\/\/molecular.fi\/?attachment_id=373\" width=\"150px\"><\/img><br \/>\n<b>Jussi P\u00e4rkk\u00e4<\/b><br \/>\nSpecialist in clinical physiology and isotope medicine<br \/>\n<a href=\"mailto:jussi.parkka@molecular.fi\">jussi.parkka@molecular.fi<\/a>\n<\/p>\n<\/div>\n<div class=\"person\">\n<p><img decoding=\"async\" src=\"https:\/\/molecular.fi\/wp-content\/uploads\/2024\/12\/Jukka-Kemppainen-scaled.jpg\" width=\"150px\"><\/img><br \/>\n<b>Jukka Kemppainen<\/b><br \/>\nProfessor, Chief Physician of Clinical Physiology and Isotope Medicine<br \/>\n<a href=\"mailto:jukka.kemppainen@molecular.fi\">jukka.kemppainen@molecular.fi<\/a>\n<\/p>\n<\/div>\n<div class=\"person\">\n<p><img decoding=\"async\" src=\"https:\/\/molecular.fi\/wp-content\/uploads\/2025\/04\/Linda_Paajarvi.jpg\" width=\"150px\"><\/img><br \/>\n<b>Linda P\u00e4\u00e4j\u00e4rvi<\/b><br \/>\nChief executive officer<br \/>\n<a href=\"mailto:linda.paajarvi@molecular.fi\">linda.paajarvi@molecular.fi<\/a><br \/>\n<a href=\"tel:+358400297859\">+358 400 297 859<\/a>\n<\/p>\n<\/div>\n<\/div>\n<\/div>\n","protected":false},"excerpt":{"rendered":"<p>Scroll to content Our services Statements on traditional isotope imaging studies Statements on fusion imaging studies: PET\/CT and SPET\/CT Clinical physiology statements, e.g. For ECG, RR and Holter examinations Radiotherapy planning Ask more about our services! About us Founded in 2012, iRAD Molecular Imaging Oy, owned by Finnish healthcare professionals, produces legalization and opinion services [&hellip;]<\/p>\n","protected":false},"author":1,"featured_media":0,"parent":0,"menu_order":0,"comment_status":"closed","ping_status":"closed","template":"","meta":{"footnotes":""},"class_list":["post-270","page","type-page","status-publish","hentry"],"_links":{"self":[{"href":"https:\/\/molecular.fi\/index.php?rest_route=\/wp\/v2\/pages\/270","targetHints":{"allow":["GET"]}}],"collection":[{"href":"https:\/\/molecular.fi\/index.php?rest_route=\/wp\/v2\/pages"}],"about":[{"href":"https:\/\/molecular.fi\/index.php?rest_route=\/wp\/v2\/types\/page"}],"author":[{"embeddable":true,"href":"https:\/\/molecular.fi\/index.php?rest_route=\/wp\/v2\/users\/1"}],"replies":[{"embeddable":true,"href":"https:\/\/molecular.fi\/index.php?rest_route=%2Fwp%2Fv2%2Fcomments&post=270"}],"version-history":[{"count":10,"href":"https:\/\/molecular.fi\/index.php?rest_route=\/wp\/v2\/pages\/270\/revisions"}],"predecessor-version":[{"id":414,"href":"https:\/\/molecular.fi\/index.php?rest_route=\/wp\/v2\/pages\/270\/revisions\/414"}],"wp:attachment":[{"href":"https:\/\/molecular.fi\/index.php?rest_route=%2Fwp%2Fv2%2Fmedia&parent=270"}],"curies":[{"name":"wp","href":"https:\/\/api.w.org\/{rel}","templated":true}]}}